{"id":5605,"date":"2019-11-25T09:19:50","date_gmt":"2019-11-25T08:19:50","guid":{"rendered":"https:\/\/www.beg-ing.com\/voeux-2019"},"modified":"2019-12-18T15:09:22","modified_gmt":"2019-12-18T14:09:22","slug":"voeux-2020","status":"publish","type":"page","link":"https:\/\/www.beg-ing.com\/it\/voeux-2020","title":{"rendered":"V\u0153ux 2020"},"content":{"rendered":"","protected":false},"excerpt":{"rendered":"","protected":false},"author":2,"featured_media":0,"parent":0,"menu_order":29,"comment_status":"closed","ping_status":"closed","template":"","meta":{"_acf_changed":false},"class_list":["post-5605","page","type-page","status-publish","hentry"],"acf":[],"yoast_head":"<!-- This site is optimized with the Yoast SEO plugin v27.3 - https:\/\/yoast.com\/product\/yoast-seo-wordpress\/ -->\n<title>V\u0153ux 2020 - BEG Ing\u00e9nierie<\/title>\n<meta name=\"description\" content=\"V\u0153ux 2020\" \/>\n<meta name=\"robots\" content=\"index, follow, max-snippet:-1, max-image-preview:large, max-video-preview:-1\" \/>\n<link rel=\"canonical\" href=\"https:\/\/www.beg-ing.com\/it\/voeux-2020\" \/>\n<meta property=\"og:locale\" content=\"it_IT\" \/>\n<meta property=\"og:type\" content=\"article\" \/>\n<meta property=\"og:title\" content=\"V\u0153ux 2020 - BEG Ing\u00e9nierie\" \/>\n<meta property=\"og:description\" content=\"V\u0153ux 2020\" \/>\n<meta property=\"og:url\" content=\"https:\/\/www.beg-ing.com\/it\/voeux-2020\" \/>\n<meta property=\"og:site_name\" content=\"BEG Ing\u00e9nierie\" \/>\n<meta property=\"article:modified_time\" content=\"2019-12-18T14:09:22+00:00\" \/>\n<meta name=\"twitter:card\" content=\"summary_large_image\" \/>\n<script type=\"application\/ld+json\" class=\"yoast-schema-graph\">{\"@context\":\"https:\\\/\\\/schema.org\",\"@graph\":[{\"@type\":\"WebPage\",\"@id\":\"https:\\\/\\\/www.beg-ing.com\\\/it\\\/voeux-2020\",\"url\":\"https:\\\/\\\/www.beg-ing.com\\\/it\\\/voeux-2020\",\"name\":\"V\u0153ux 2020 - BEG Ing\u00e9nierie\",\"isPartOf\":{\"@id\":\"https:\\\/\\\/www.beg-ing.com\\\/it#website\"},\"datePublished\":\"2019-11-25T08:19:50+00:00\",\"dateModified\":\"2019-12-18T14:09:22+00:00\",\"description\":\"V\u0153ux 2020\",\"breadcrumb\":{\"@id\":\"https:\\\/\\\/www.beg-ing.com\\\/it\\\/voeux-2020#breadcrumb\"},\"inLanguage\":\"it-IT\",\"potentialAction\":[{\"@type\":\"ReadAction\",\"target\":[\"https:\\\/\\\/www.beg-ing.com\\\/it\\\/voeux-2020\"]}]},{\"@type\":\"BreadcrumbList\",\"@id\":\"https:\\\/\\\/www.beg-ing.com\\\/it\\\/voeux-2020#breadcrumb\",\"itemListElement\":[{\"@type\":\"ListItem\",\"position\":1,\"name\":\"Home\",\"item\":\"https:\\\/\\\/www.beg-ing.com\\\/it\"},{\"@type\":\"ListItem\",\"position\":2,\"name\":\"V\u0153ux 2020\"}]},{\"@type\":\"WebSite\",\"@id\":\"https:\\\/\\\/www.beg-ing.com\\\/it#website\",\"url\":\"https:\\\/\\\/www.beg-ing.com\\\/it\",\"name\":\"BEG Ing\u00e9nierie\",\"description\":\"Description\",\"publisher\":{\"@id\":\"https:\\\/\\\/www.beg-ing.com\\\/it#organization\"},\"potentialAction\":[{\"@type\":\"SearchAction\",\"target\":{\"@type\":\"EntryPoint\",\"urlTemplate\":\"https:\\\/\\\/www.beg-ing.com\\\/it?s={search_term_string}\"},\"query-input\":{\"@type\":\"PropertyValueSpecification\",\"valueRequired\":true,\"valueName\":\"search_term_string\"}}],\"inLanguage\":\"it-IT\"},{\"@type\":\"Organization\",\"@id\":\"https:\\\/\\\/www.beg-ing.com\\\/it#organization\",\"name\":\"BEG Ing\u00e9nierie\",\"url\":\"https:\\\/\\\/www.beg-ing.com\\\/it\",\"logo\":{\"@type\":\"ImageObject\",\"inLanguage\":\"it-IT\",\"@id\":\"https:\\\/\\\/www.beg-ing.com\\\/it#\\\/schema\\\/logo\\\/image\\\/\",\"url\":\"https:\\\/\\\/www.beg-ing.com\\\/wp-content\\\/uploads\\\/beg-logo.png\",\"contentUrl\":\"https:\\\/\\\/www.beg-ing.com\\\/wp-content\\\/uploads\\\/beg-logo.png\",\"width\":242,\"height\":133,\"caption\":\"BEG Ing\u00e9nierie\"},\"image\":{\"@id\":\"https:\\\/\\\/www.beg-ing.com\\\/it#\\\/schema\\\/logo\\\/image\\\/\"},\"sameAs\":[\"https:\\\/\\\/www.linkedin.com\\\/company\\\/483392\",\"https:\\\/\\\/www.youtube.com\\\/channel\\\/UCB9UsLQtrkFccLTxnrG7GUw\"]}]}<\/script>\n<!-- \/ Yoast SEO plugin. -->","yoast_head_json":{"title":"V\u0153ux 2020 - BEG Ing\u00e9nierie","description":"V\u0153ux 2020","robots":{"index":"index","follow":"follow","max-snippet":"max-snippet:-1","max-image-preview":"max-image-preview:large","max-video-preview":"max-video-preview:-1"},"canonical":"https:\/\/www.beg-ing.com\/it\/voeux-2020","og_locale":"it_IT","og_type":"article","og_title":"V\u0153ux 2020 - BEG Ing\u00e9nierie","og_description":"V\u0153ux 2020","og_url":"https:\/\/www.beg-ing.com\/it\/voeux-2020","og_site_name":"BEG Ing\u00e9nierie","article_modified_time":"2019-12-18T14:09:22+00:00","twitter_card":"summary_large_image","schema":{"@context":"https:\/\/schema.org","@graph":[{"@type":"WebPage","@id":"https:\/\/www.beg-ing.com\/it\/voeux-2020","url":"https:\/\/www.beg-ing.com\/it\/voeux-2020","name":"V\u0153ux 2020 - BEG Ing\u00e9nierie","isPartOf":{"@id":"https:\/\/www.beg-ing.com\/it#website"},"datePublished":"2019-11-25T08:19:50+00:00","dateModified":"2019-12-18T14:09:22+00:00","description":"V\u0153ux 2020","breadcrumb":{"@id":"https:\/\/www.beg-ing.com\/it\/voeux-2020#breadcrumb"},"inLanguage":"it-IT","potentialAction":[{"@type":"ReadAction","target":["https:\/\/www.beg-ing.com\/it\/voeux-2020"]}]},{"@type":"BreadcrumbList","@id":"https:\/\/www.beg-ing.com\/it\/voeux-2020#breadcrumb","itemListElement":[{"@type":"ListItem","position":1,"name":"Home","item":"https:\/\/www.beg-ing.com\/it"},{"@type":"ListItem","position":2,"name":"V\u0153ux 2020"}]},{"@type":"WebSite","@id":"https:\/\/www.beg-ing.com\/it#website","url":"https:\/\/www.beg-ing.com\/it","name":"BEG Ing\u00e9nierie","description":"Description","publisher":{"@id":"https:\/\/www.beg-ing.com\/it#organization"},"potentialAction":[{"@type":"SearchAction","target":{"@type":"EntryPoint","urlTemplate":"https:\/\/www.beg-ing.com\/it?s={search_term_string}"},"query-input":{"@type":"PropertyValueSpecification","valueRequired":true,"valueName":"search_term_string"}}],"inLanguage":"it-IT"},{"@type":"Organization","@id":"https:\/\/www.beg-ing.com\/it#organization","name":"BEG Ing\u00e9nierie","url":"https:\/\/www.beg-ing.com\/it","logo":{"@type":"ImageObject","inLanguage":"it-IT","@id":"https:\/\/www.beg-ing.com\/it#\/schema\/logo\/image\/","url":"https:\/\/www.beg-ing.com\/wp-content\/uploads\/beg-logo.png","contentUrl":"https:\/\/www.beg-ing.com\/wp-content\/uploads\/beg-logo.png","width":242,"height":133,"caption":"BEG Ing\u00e9nierie"},"image":{"@id":"https:\/\/www.beg-ing.com\/it#\/schema\/logo\/image\/"},"sameAs":["https:\/\/www.linkedin.com\/company\/483392","https:\/\/www.youtube.com\/channel\/UCB9UsLQtrkFccLTxnrG7GUw"]}]}},"_links":{"self":[{"href":"https:\/\/www.beg-ing.com\/it\/wp-json\/wp\/v2\/pages\/5605","targetHints":{"allow":["GET"]}}],"collection":[{"href":"https:\/\/www.beg-ing.com\/it\/wp-json\/wp\/v2\/pages"}],"about":[{"href":"https:\/\/www.beg-ing.com\/it\/wp-json\/wp\/v2\/types\/page"}],"author":[{"embeddable":true,"href":"https:\/\/www.beg-ing.com\/it\/wp-json\/wp\/v2\/users\/2"}],"replies":[{"embeddable":true,"href":"https:\/\/www.beg-ing.com\/it\/wp-json\/wp\/v2\/comments?post=5605"}],"version-history":[{"count":5,"href":"https:\/\/www.beg-ing.com\/it\/wp-json\/wp\/v2\/pages\/5605\/revisions"}],"predecessor-version":[{"id":5729,"href":"https:\/\/www.beg-ing.com\/it\/wp-json\/wp\/v2\/pages\/5605\/revisions\/5729"}],"wp:attachment":[{"href":"https:\/\/www.beg-ing.com\/it\/wp-json\/wp\/v2\/media?parent=5605"}],"curies":[{"name":"wp","href":"https:\/\/api.w.org\/{rel}","templated":true}]}}